{"id":6,"date":"2013-01-20T11:00:54","date_gmt":"2013-01-20T10:00:54","guid":{"rendered":"http:\/\/monsieurtimide.com\/?page_id=6"},"modified":"2020-04-13T14:03:03","modified_gmt":"2020-04-13T13:03:03","slug":"biographie","status":"publish","type":"page","link":"https:\/\/monsieurtimide.com\/?page_id=6","title":{"rendered":"Biographie"},"content":{"rendered":"<p style=\"text-align: left;\"><a href=\"http:\/\/monsieurtimide.com\/wp-content\/uploads\/Pochette-Timide-1400.jpg\"><img loading=\"lazy\" decoding=\"async\" class=\"alignnone size-medium wp-image-122\" title=\"Pochette Timide\" src=\"http:\/\/monsieurtimide.com\/wp-content\/uploads\/Pochette-Timide-1400-300x300.jpg\" alt=\"\" width=\"300\" height=\"300\" srcset=\"https:\/\/monsieurtimide.com\/wp-content\/uploads\/Pochette-Timide-1400-300x300.jpg 300w, https:\/\/monsieurtimide.com\/wp-content\/uploads\/Pochette-Timide-1400-150x150.jpg 150w, https:\/\/monsieurtimide.com\/wp-content\/uploads\/Pochette-Timide-1400-1024x1024.jpg 1024w, https:\/\/monsieurtimide.com\/wp-content\/uploads\/Pochette-Timide-1400.jpg 1400w\" sizes=\"auto, (max-width: 300px) 100vw, 300px\" \/><\/a><\/p>\n<div class='one_half'>\n\t\t\t\t\t<span class='et-dropcap' style=\"font-size: 60px; color: #9b9b9b;\">M<\/span>onsieur Timide, un projet musical, n\u00e9 de tr\u00e8s belles amiti\u00e9s partag\u00e9es il y a quelques ann\u00e9es. Ecritures, compositions, interpr\u00e9tations sans cesse travaill\u00e9es, au fond d\u2019un vieux canap\u00e9.<\/p>\n<p style=\"text-align: left;\"><span class='et-dropcap' style=\"font-size: 60px; color: #9b9b9b;\">M<\/span>onsieur Timide est enfin sorti de son canap\u00e9 le 22 Janvier 2010 avec un premier concert\u00a0 public \u00e0 la Marquise, p\u00e9niche Lyonnaise pleine d\u2019\u00e9motions partag\u00e9es ce soir-l\u00e0. Depuis, ce sera le d\u00e9but d\u2019une longue s\u00e9rie de dates : Le Fleming\u2019s, Elea Bodega, Le Tostaki, Le Rail Th\u00e9\u00e2tre, Le Georgia, Le Th\u00e9\u00e2tre de Tarare, Le M\u00e9tal caf\u00e9, Le Ninkasi Kaf\u00e9, Les Ninkasi Sans Souci, Saint Paul, H\u00f4tel de Ville, Croix Rousse, Guilloti\u00e8re, Gratte Ciel, Le Festival Les Fous de Joux,\u00a0Le Gones&rsquo;n&rsquo;Live Festival\u00a0; Les Tremplins Musikenscene, Virage Radio, Prends ton Envol, Ninka Tour, \u00a0\u2026<\/p>\n<p style=\"text-align: left;\"><div class='one_half last'>\n\t\t\t\t\t\n\t\t\t\t<\/div><div class='clear'><\/div><span class='et-dropcap' style=\"font-size: 60px; color: #9b9b9b;\">M<\/span>onsieur Timide termine l\u2019ann\u00e9e 2010 par une interview radio dans l\u2019\u00e9mission chanson fran\u00e7aise \u00ab\u00a0<em>Changez d\u2019air<\/em>\u00a0\u00bb anim\u00e9e par Pascal Marchand sur FC Radio (97.6).<\/p>\n<p style=\"text-align: left;\">\n\t\t\t\t<\/div>\n<p style=\"text-align: left;\"><span class='et-dropcap' style=\"font-size: 60px; color: #9b9b9b;\">E<\/span>n 2011, Monsieur Timide reprend la route des concerts aux c\u00f4t\u00e9s de ses deux comp\u00e8res Timides \u2026 \u00a0Monsieur Nicolio avec ses percussions pleines de sensations et ses deuxi\u00e8mes voix toujours et encore plus teint\u00e9es d\u2019\u00e9motions ! Monsieur Luizan et sa basse qui nous pr\u00e9lasse au gr\u00e9 de ses lignes musicales toujours plus sensibles et efficaces !<\/p>\n<p style=\"text-align: left;\">En 2012, Monsieur Timide alterne les concerts et les sessions Studio pour enregistrer son premier EP : \u00ab\u00a0<em><strong>A la crois\u00e9e de la rue de l&rsquo;Humilit\u00e9<\/strong><\/em>\u00a0\u00bb :\u00a05 titres en auto production. EP qui sortira en Mars 2013 en deux temps :\u00a0une sortie Acoustique le Samedi 23 F\u00e9vrier 2013 au Ninkasi Tarare et la sortie \u00c9lectrique le Mardi 26 Mars 2013 au Ninkasi Kaf\u00e9 Gerland.\u00a0Ce premier opus, tr\u00e8s bien accueilli sur sc\u00e8ne, l\u2019aura emmen\u00e9 jusqu\u2019aux\u00a0<strong>Ninka Tour<\/strong>\u00a0<strong>2015<\/strong>, au\u00a0<strong>Radiant Bellevue<\/strong>,<strong>\u00a0A Thou Bout\u2019d\u2019Chant<\/strong>, ou encore sur le festival<strong>\u00a0Gones&rsquo;N&rsquo;Live\u00a0<\/strong>\u2026<\/p>\n<p style=\"text-align: left;\">En 2014, Monsieur Timide poursuit sa route et enchaine les Tremplins.<\/p>\n<p style=\"text-align: left;\"><strong><span class='et-dropcap' style=\"font-size: 60px; color: #9b9b9b;\">R<\/span>\u00e9sultats\u00a0: Trois Finales\u00a0!<\/strong><\/p>\n<p style=\"text-align: left;\"><strong><\/strong>Une premi\u00e8re en Mars \u00e0 Paris au Studio l\u2019Albatros Tremplin \u00ab\u00a0Prends ton Envol\u00a0\u00bb suivie de la Finale du Ninka Tour sur Lyon pour finir toujours \u00e0 Lyon avec le Tremplin Musikenscene o\u00f9 Monsieur Timide obtient le<strong> PRIX DU JURY\u00a0!\u00a0<\/strong><\/p>\n<p style=\"text-align: left;\"><strong>En 2015<\/strong>, Monsieur Timide rejoint <a href=\"http:\/\/vibrationssurlefil.com\/\" target=\"_blank\"><strong>Vibrations sur le Fil<\/strong><\/a> et retourne en Studio pour l\u2019enregistrement de son 2<sup>\u00e8me<\/sup>EP en Autoproduction, Sortie Officielle le 15 D\u00e9cembre 2015 au Ninkasi Kaf\u00e9 Gerland \u00e0 Lyon.\u00a0<em>\u00ab\u00a0<a href=\"http:\/\/www.deezer.com\/album\/13186424\" target=\"_blank\"><strong>Au diable ma fiert\u00e9<\/strong><\/a>\u00a0\u00bb<\/em>, a \u00e9t\u00e9 enregistr\u00e9 et mix\u00e9 aux\u00a0<strong>Studios de l\u2019Hacienda<\/strong>. Cet enregistrement marque un tournant majeur pour le groupe, qui a acquit une solide maturit\u00e9 \u00e0 force de sc\u00e8nes et de rencontres riches.<\/p>\n<p style=\"text-align: left;\"><strong>En 2018,<\/strong>\u00a0le groupe est au travail sur le 3<sup>\u00e8me<\/sup> disque et d\u00e9bute <strong>2018<\/strong> avec de belles perspectives, notamment la rencontre de Romain Humeau (Chanteur du groupe EIFFEL) pour qui Monsieur Timide a assur\u00e9 la premi\u00e8re partie dans la belle salle Lyonnaise du March\u00e9 Gare mais aussi une belle participation au Festival de la Chanson de Caf\u00e9 de Pornic.<\/p>\n<p>Sur sc\u00e8ne, c\u2019est toute la g\u00e9n\u00e9rosit\u00e9 du groupe qui se d\u00e9voile et se d\u00e9couvre, poussant au sourire et au plaisir de partager un moment frais et sinc\u00e8re. Monsieur Timide a partag\u00e9 la sc\u00e8ne avec Joris, Niko Gamet, The Socks, Why Jack, BTR, Le Voyage de Noz, Trigones+, Bagdad Rod\u00e9o, Cause, Chebeck, Nadejda, Szoophia, Doorsfall, Porn, Mac Abbe et le Zombi Orchestra, Romain Humeau (EIFFEL) &#8230;<\/p>\n<p><strong>Aujourd\u2019hui<\/strong>, Monsieur Timide nous pr\u00e9sente son 3<sup>\u00e8me<\/sup> disque <strong>\u00ab\u00a0La V\u00e9rit\u00e9 en Face\u00a0\u00bb<\/strong>.<\/p>\n<p style=\"text-align: left;\"><span class='et-dropcap' style=\"font-size: 60px; color: #9b9b9b;\">M<\/span>onsieur Timide continue aujourd&rsquo;hui l&rsquo;aventure et \u00e9gr\u00e8ne les sc\u00e8nes pour d\u00e9fendre son projet pas si timide \u2026 mais tellement sinc\u00e8re, sensible et authentique. Monsieur Timide, nous joue alors sa romance\u00a0\u00e0 la crois\u00e9e des chemins du folk, de la chanson et du rock \u2026 Teint\u00e9e d\u2019onirisme sa plume n\u2019en reste pas moins enflamm\u00e9e lorsqu\u2019il s\u2019agit d\u2019exhumer l\u2019\u00e2me humaine aussi bien dans ses recoins les plus intimes que dans ses vicissitudes \u2026\u00a0Alors silence &#8230; Lorsqu\u2019il vous chuchotera sa douce fr\u00e9n\u00e9sie ![\/one_half_last]<\/p>\n","protected":false},"excerpt":{"rendered":"<p>n 2011, Monsieur Timide reprend la route des concerts aux c\u00f4t\u00e9s de ses deux comp\u00e8res Timides \u2026 \u00a0Monsieur Nicolio avec ses percussions pleines de sensations et ses deuxi\u00e8mes voix toujours et encore plus teint\u00e9es d\u2019\u00e9motions ! Monsieur Luizan et sa basse qui nous pr\u00e9lasse au gr\u00e9 de ses lignes musicales toujours plus sensibles et efficaces [&hellip;]<\/p>\n","protected":false},"author":1,"featured_media":0,"parent":0,"menu_order":0,"comment_status":"open","ping_status":"open","template":"","meta":{"footnotes":""},"class_list":["post-6","page","type-page","status-publish","hentry"],"_links":{"self":[{"href":"https:\/\/monsieurtimide.com\/index.php?rest_route=\/wp\/v2\/pages\/6","targetHints":{"allow":["GET"]}}],"collection":[{"href":"https:\/\/monsieurtimide.com\/index.php?rest_route=\/wp\/v2\/pages"}],"about":[{"href":"https:\/\/monsieurtimide.com\/index.php?rest_route=\/wp\/v2\/types\/page"}],"author":[{"embeddable":true,"href":"https:\/\/monsieurtimide.com\/index.php?rest_route=\/wp\/v2\/users\/1"}],"replies":[{"embeddable":true,"href":"https:\/\/monsieurtimide.com\/index.php?rest_route=%2Fwp%2Fv2%2Fcomments&post=6"}],"version-history":[{"count":83,"href":"https:\/\/monsieurtimide.com\/index.php?rest_route=\/wp\/v2\/pages\/6\/revisions"}],"predecessor-version":[{"id":9,"href":"https:\/\/monsieurtimide.com\/index.php?rest_route=\/wp\/v2\/pages\/6\/revisions\/9"}],"wp:attachment":[{"href":"https:\/\/monsieurtimide.com\/index.php?rest_route=%2Fwp%2Fv2%2Fmedia&parent=6"}],"curies":[{"name":"wp","href":"https:\/\/api.w.org\/{rel}","templated":true}]}}